{"id":9113,"date":"2020-05-21T17:22:23","date_gmt":"2020-05-21T17:22:23","guid":{"rendered":"http:\/\/baloncestodominicos.es\/?post_type=product&#038;p=9113"},"modified":"2023-02-14T11:47:08","modified_gmt":"2023-02-14T11:47:08","slug":"sudadera","status":"publish","type":"product","link":"https:\/\/baloncestodominicos.es\/?product=sudadera","title":{"rendered":"SUDADERA"},"content":{"rendered":"<p>[et_pb_section fb_built=\u00bb1&#8243; _builder_version=\u00bb4.16&#8243; custom_padding=\u00bb0px||||false|false\u00bb global_colors_info=\u00bb{}\u00bb][et_pb_row column_structure=\u00bb1_2,1_2&#8243; _builder_version=\u00bb4.16&#8243; background_size=\u00bbinitial\u00bb background_position=\u00bbtop_left\u00bb background_repeat=\u00bbrepeat\u00bb width=\u00bb100%\u00bb custom_padding=\u00bb0px||||false|false\u00bb global_colors_info=\u00bb{}\u00bb][et_pb_column type=\u00bb1_2&#8243; _builder_version=\u00bb4.16&#8243; custom_padding=\u00bb|||\u00bb global_colors_info=\u00bb{}\u00bb custom_padding__hover=\u00bb|||\u00bb][et_pb_wc_images _builder_version=\u00bb4.16&#8243; background_color=\u00bb#ffffff\u00bb min_height=\u00bb620px\u00bb height=\u00bb593px\u00bb max_height=\u00bb602px\u00bb global_colors_info=\u00bb{}\u00bb][\/et_pb_wc_images][\/et_pb_column][et_pb_column type=\u00bb1_2&#8243; _builder_version=\u00bb4.16&#8243; custom_padding=\u00bb|||\u00bb global_colors_info=\u00bb{}\u00bb custom_padding__hover=\u00bb|||\u00bb][et_pb_wc_title _builder_version=\u00bb4.16&#8243; global_colors_info=\u00bb{}\u00bb][\/et_pb_wc_title][et_pb_wc_rating _builder_version=\u00bb4.16&#8243; global_colors_info=\u00bb{}\u00bb][\/et_pb_wc_rating][et_pb_wc_price _builder_version=\u00bb4.16&#8243; global_colors_info=\u00bb{}\u00bb][\/et_pb_wc_price][et_pb_wc_description _builder_version=\u00bb4.16&#8243; global_colors_info=\u00bb{}\u00bb][\/et_pb_wc_description][et_pb_wc_add_to_cart _builder_version=\u00bb4.16&#8243; background_color=\u00bb#ffffff\u00bb width=\u00bb90%\u00bb global_colors_info=\u00bb{}\u00bb][\/et_pb_wc_add_to_cart][\/et_pb_column][\/et_pb_row][et_pb_row _builder_version=\u00bb4.16&#8243; background_size=\u00bbinitial\u00bb background_position=\u00bbtop_left\u00bb background_repeat=\u00bbrepeat\u00bb width=\u00bb100%\u00bb global_colors_info=\u00bb{}\u00bb][et_pb_column type=\u00bb4_4&#8243; _builder_version=\u00bb4.16&#8243; custom_padding=\u00bb|||\u00bb global_colors_info=\u00bb{}\u00bb custom_padding__hover=\u00bb|||\u00bb][et_pb_wc_tabs _builder_version=\u00bb4.16&#8243; global_colors_info=\u00bb{}\u00bb] [\/et_pb_wc_tabs][et_pb_wc_upsells admin_label=\u00bbWoo Product Upsell\u00bb _builder_version=\u00bb4.16&#8243; global_colors_info=\u00bb{}\u00bb][\/et_pb_wc_upsells][et_pb_wc_related_products _builder_version=\u00bb4.16&#8243; global_colors_info=\u00bb{}\u00bb][\/et_pb_wc_related_products][\/et_pb_column][\/et_pb_row][\/et_pb_section]<\/p>\n","protected":false},"excerpt":{"rendered":"<p>Gesti\u00f3n pedidos quincenal por club, seg\u00fan volumen. Tramitaci\u00f3n una vez recibida transferencia.<\/p>\n<p>No es posible devoluci\u00f3n de material, una vez confeccionado por el fabricante. Asegurar bien los tallajes.<\/p>\n<p>Entrega material por responsables equipos, o coordinacion club, seg\u00fan solicitante.<\/p>\n","protected":false},"featured_media":14914,"comment_status":"closed","ping_status":"closed","template":"","meta":{"_acf_changed":false,"_et_pb_use_builder":"on","_et_pb_old_content":"Sudadera Vanesport sello bordado","_et_gb_content_width":""},"product_brand":[],"product_cat":[123],"product_tag":[125,126],"class_list":{"0":"post-9113","1":"product","2":"type-product","3":"status-publish","4":"has-post-thumbnail","6":"product_cat-sudaderas","7":"product_tag-sudadera","8":"product_tag-vanesport","10":"first","11":"instock","12":"taxable","13":"shipping-taxable","14":"purchasable","15":"product-type-variable"},"acf":[],"_links":{"self":[{"href":"https:\/\/baloncestodominicos.es\/index.php?rest_route=\/wp\/v2\/product\/9113","targetHints":{"allow":["GET"]}}],"collection":[{"href":"https:\/\/baloncestodominicos.es\/index.php?rest_route=\/wp\/v2\/product"}],"about":[{"href":"https:\/\/baloncestodominicos.es\/index.php?rest_route=\/wp\/v2\/types\/product"}],"replies":[{"embeddable":true,"href":"https:\/\/baloncestodominicos.es\/index.php?rest_route=%2Fwp%2Fv2%2Fcomments&post=9113"}],"wp:featuredmedia":[{"embeddable":true,"href":"https:\/\/baloncestodominicos.es\/index.php?rest_route=\/wp\/v2\/media\/14914"}],"wp:attachment":[{"href":"https:\/\/baloncestodominicos.es\/index.php?rest_route=%2Fwp%2Fv2%2Fmedia&parent=9113"}],"wp:term":[{"taxonomy":"product_brand","embeddable":true,"href":"https:\/\/baloncestodominicos.es\/index.php?rest_route=%2Fwp%2Fv2%2Fproduct_brand&post=9113"},{"taxonomy":"product_cat","embeddable":true,"href":"https:\/\/baloncestodominicos.es\/index.php?rest_route=%2Fwp%2Fv2%2Fproduct_cat&post=9113"},{"taxonomy":"product_tag","embeddable":true,"href":"https:\/\/baloncestodominicos.es\/index.php?rest_route=%2Fwp%2Fv2%2Fproduct_tag&post=9113"}],"curies":[{"name":"wp","href":"https:\/\/api.w.org\/{rel}","templated":true}]}}