{"id":9029,"date":"2020-05-17T16:06:13","date_gmt":"2020-05-17T16:06:13","guid":{"rendered":"http:\/\/baloncestodominicos.es\/?page_id=9029"},"modified":"2020-05-17T17:10:41","modified_gmt":"2020-05-17T17:10:41","slug":"politica-de-cookies","status":"publish","type":"page","link":"https:\/\/baloncestodominicos.es\/?page_id=9029","title":{"rendered":"Pol\u00edtica de cookies"},"content":{"rendered":"<p>[et_pb_section fb_built=\u00bb1&#8243; _builder_version=\u00bb3.22&#8243;][et_pb_row _builder_version=\u00bb3.25&#8243; background_size=\u00bbinitial\u00bb background_position=\u00bbtop_left\u00bb background_repeat=\u00bbrepeat\u00bb][et_pb_column type=\u00bb4_4&#8243; _builder_version=\u00bb3.25&#8243; custom_padding=\u00bb|||\u00bb custom_padding__hover=\u00bb|||\u00bb][et_pb_text _builder_version=\u00bb4.4.5&#8243; background_size=\u00bbinitial\u00bb background_position=\u00bbtop_left\u00bb background_repeat=\u00bbrepeat\u00bb hover_enabled=\u00bb0&#8243;]<\/p>\n<div class=\"cli_pg_page_contaner\"><\/div>\n<div class=\"cli_pg_page_contaner\">\n<h3>RESUMEN DE LA POL\u00cdTICA DE COOKIES<\/h3>\n<div>\n<p>Esta Pol\u00edtica de cookies explica qu\u00e9 son las cookies y c\u00f3mo las usamos. Debe leer esta pol\u00edtica para comprender qu\u00e9 son las cookies, c\u00f3mo las utilizamos, los tipos de cookies que utilizamos, es decir, la informaci\u00f3n que recopilamos utilizando cookies y c\u00f3mo se utiliza esa informaci\u00f3n y c\u00f3mo controlar las preferencias de las cookies. Para obtener m\u00e1s informaci\u00f3n sobre c\u00f3mo usamos, almacenamos y mantenemos seguros sus datos personales, consulte nuestra <a href=\"http:\/\/baloncestodominicos.es\/?page_id=8918\">Pol\u00edtica de privacidad.<\/a><\/p>\n<p>En cualquier momento puede cambiar o retirar su consentimiento de la Declaraci\u00f3n de cookies en nuestro sitio web. Obtenga m\u00e1s informaci\u00f3n sobre qui\u00e9nes somos, c\u00f3mo puede contactarnos y c\u00f3mo procesamos los datos personales en nuestra Pol\u00edtica de privacidad.<\/p>\n<p>Su consentimiento se aplica a los siguientes dominios: baloncestodominicos.es<br \/> <div class=\"cli_user_consent_state\">Tu estado actual: No se ha dado el consentimiento. <a class=\"cli_manage_current_consent\" style=\"cursor:pointer;text-decoration:underline;\">Gestiona tu consentimiento.<\/a> <\/div><\/p>\n<\/div>\n<h3><\/h3>\n<h3><\/h3>\n<h3>\u00bfQU\u00c9 SON LAS COOKIES ?<\/h3>\n<div>Las cookies son peque\u00f1os archivos de texto que se utilizan para almacenar peque\u00f1as piezas de informaci\u00f3n. Las cookies se almacenan en su dispositivo cuando el sitio web se carga en su navegador. Estas cookies nos ayudan a hacer que el sitio web funcione correctamente, hacer que el sitio web sea m\u00e1s seguro, proporcionar una mejor experiencia de usuario y comprender c\u00f3mo funciona el sitio web y analizar qu\u00e9 funciona y d\u00f3nde necesita mejorar.<\/div>\n<h3><\/h3>\n<h3><\/h3>\n<h3>\u00bfC\u00d3MO USAMOS LAS COOKIES?<\/h3>\n<div>\n<p>Como la mayor\u00eda de los servicios en l\u00ednea, nuestro sitio web utiliza cookies propias y de terceros para una serie de prop\u00f3sitos. Las cookies de origen son principalmente necesarias para que el sitio web funcione de la manera correcta, y no recopilan ninguno de sus datos de identificaci\u00f3n personal.<\/p>\n<p>Las cookies de terceros utilizadas en nuestros sitios web se utilizan principalmente para comprender c\u00f3mo funciona el sitio web, c\u00f3mo interact\u00faa con nuestro sitio web, mantener nuestros servicios seguros, proporcionarle anuncios que sean relevantes para usted y, en general, proporcionarle una mejor y mejor experiencia de usuario y ayuda a acelerar sus futuras interacciones con nuestro sitio web.<\/p>\n<p>&nbsp;<\/p>\n<\/div>\n<h3>\u00bfQU\u00c9 TIPOS DE COOKIES UTILIZAMOS?<\/h3>\n<p>Esencial: algunas cookies son esenciales para que pueda experimentar la funcionalidad completa de nuestro sitio. Nos permiten mantener sesiones de usuario y evitar amenazas de seguridad. No recopilan ni almacenan ninguna informaci\u00f3n personal. Por ejemplo, estas cookies le permiten iniciar sesi\u00f3n en su cuenta y agregar productos a su cesta y pagar de forma segura.<\/p>\n<p>Estad\u00edsticas: estas cookies almacenan informaci\u00f3n como el n\u00famero de visitantes del sitio web, el n\u00famero de visitantes \u00fanicos, qu\u00e9 p\u00e1ginas del sitio web han sido visitadas, la fuente de la visita, etc. Estos datos nos ayudan a comprender y analizar qu\u00e9 tan bien funciona el sitio web y donde necesita mejorar.<\/p>\n<p>Marketing: nuestro sitio web muestra anuncios. Estas cookies se utilizan para personalizar los anuncios que le mostramos para que sean significativos para usted. Estas cookies tambi\u00e9n nos ayudan a realizar un seguimiento de la eficacia de estas campa\u00f1as publicitarias.<br \/> La informaci\u00f3n almacenada en estas cookies tambi\u00e9n puede ser utilizada por proveedores de publicidad externos para mostrarle anuncios en otros sitios web en el navegador.<\/p>\n<p>Funcional: Estas son las cookies que ayudan a ciertas funcionalidades no esenciales en nuestro sitio web. Estas funcionalidades incluyen incrustar contenido como videos o compartir contenido en el sitio web en plataformas de redes sociales.<\/p>\n<p>Preferencias: estas cookies nos ayudan a almacenar su configuraci\u00f3n y preferencias de navegaci\u00f3n, como las preferencias de idioma, para que tenga una mejor y m\u00e1s eficiente experiencia en futuras visitas al sitio web.<\/p>\n<div>\n<p>&nbsp;<\/p>\n<\/div>\n<h3>\u00bfC\u00d3MO PUEDO DECIDIR MI ELECCI\u00d3N CON LAS COOKIES?<\/h3>\n<p>Si decide cambiar sus preferencias m\u00e1s adelante a trav\u00e9s de su sesi\u00f3n de navegaci\u00f3n, puede hacer clic en la pesta\u00f1a \u00abPol\u00edtica de privacidad y cookies\u00bb en su pantalla.<\/p>\n<div class=\"cli_user_consent_state\">Tu estado actual: No se ha dado el consentimiento. <a class=\"cli_manage_current_consent\" style=\"cursor:pointer;text-decoration:underline;\">Gestiona tu consentimiento.<\/a> <\/div>\n<p>Esto mostrar\u00e1 el aviso de consentimiento nuevamente, permiti\u00e9ndole cambiar sus preferencias o retirar su consentimiento por completo.<\/p>\n<p>Adem\u00e1s de esto, diferentes navegadores proporcionan diferentes m\u00e9todos para bloquear y eliminar las cookies utilizadas por los sitios web. Puede cambiar la configuraci\u00f3n de su navegador para bloquear \/ eliminar las cookies. Para obtener m\u00e1s informaci\u00f3n sobre c\u00f3mo administrar y eliminar cookies, visite wikipedia.org,<\/p>\n<h3><span style=\"font-size: 16px;\">www.allaboutcookies.org.<\/span><\/h3>\n<\/div>\n<p>[\/et_pb_text][\/et_pb_column][\/et_pb_row][\/et_pb_section]<\/p>\n","protected":false},"excerpt":{"rendered":"<p>RESUMEN DE LA POL\u00cdTICA DE COOKIES Esta Pol\u00edtica de cookies explica qu\u00e9 son las cookies y c\u00f3mo las usamos. Debe leer esta pol\u00edtica para comprender qu\u00e9 son las cookies, c\u00f3mo las utilizamos, los tipos de cookies que utilizamos, es decir, la informaci\u00f3n que recopilamos utilizando cookies y c\u00f3mo se utiliza esa informaci\u00f3n y c\u00f3mo controlar [&hellip;]<\/p>\n","protected":false},"author":1,"featured_media":0,"parent":0,"menu_order":0,"comment_status":"closed","ping_status":"closed","template":"","meta":{"_acf_changed":false,"_et_pb_use_builder":"on","_et_pb_old_content":"<div class=\"cli_pg_page_contaner\">\n<h3>Resumen de esta pol\u00edtica de cookies<\/h3>\n<div>\n\nEsta Pol\u00edtica de cookies explica qu\u00e9 son las cookies y c\u00f3mo las usamos. Debe leer esta pol\u00edtica para comprender qu\u00e9 son las cookies, c\u00f3mo las utilizamos, los tipos de cookies que utilizamos, es decir, la informaci\u00f3n que recopilamos utilizando cookies y c\u00f3mo se utiliza esa informaci\u00f3n y c\u00f3mo controlar las preferencias de las cookies. Para obtener m\u00e1s informaci\u00f3n sobre c\u00f3mo usamos, almacenamos y mantenemos seguros sus datos personales, consulte nuestra Pol\u00edtica de privacidad.\n\nEn cualquier momento puede cambiar o retirar su consentimiento de la Declaraci\u00f3n de cookies en nuestro sitio web. Obtenga m\u00e1s informaci\u00f3n sobre qui\u00e9nes somos, c\u00f3mo puede contactarnos y c\u00f3mo procesamos los datos personales en nuestra Pol\u00edtica de privacidad.\n\nSu consentimiento se aplica a los siguientes dominios: baloncestodominicos.es\n[user_consent_state]\n\n<\/div>\n<h3>What are cookies ?<\/h3>\n<div>Cookies are small text files that are used to store small pieces of information. The cookies are stored on your device when the website is loaded on your browser. These cookies help us make the website function properly, make the website more secure, provide better user experience, and understand how the website performs and to analyze what works and where it needs improvement.<\/div>\n<h3>How do we use cookies ?<\/h3>\n<div>As most of the online services, our website uses cookies first-party and third-party cookies for a number of purposes. The first-party cookies are mostly necessary for the website to function the right way, and they do not collect any of your personally identifiable data.\n\nThe third-party cookies used on our websites are used mainly for understanding how the website performs, how you interact with our website, keeping our services secure, providing advertisements that are relevant to you, and all in all providing you with a better and improved user experience and help speed up your future interactions with our website.\n\n<\/div>\n<h3>What types of cookies do we use ?<\/h3>\n<div>Essential: Some cookies are essential for you to be able to experience the full functionality of our site. They allow us to maintain user sessions and prevent any security threats. They do not collect or store any personal information. For example, these cookies allow you to log-in to your account and add products to your basket and checkout securely.\n\nStatistics: These cookies store information like the number of visitors to the website, the number of unique visitors, which pages of the website have been visited, the source of the visit etc. These data help us understand and analyze how well the website performs and where it needs improvement.\n\nMarketing: Our website displays advertisements. These cookies are used to personalize the advertisements that we show to you so that they are meaningful to you. These cookies also help us keep track of the efficiency of these ad campaigns.\nThe information stored in these cookies may also be used by the third-party ad providers to show you ads on other websites on the browser as well.\n\nFunctional: These are the cookies that help certain non-essential functionalities on our website. These functionalities include embedding content like videos or sharing contents on the website on social media platforms.\n\nPreferences: These cookies help us store your settings and browsing preferences like language preferences so that you have a better and efficient experience on future visits to the website.\n[cookie_audit columns=\"cookie,description\" heading=\"The below list details the cookies used in our website.\"]\n\n<\/div>\n<h3>How can I control the cookie preferences ?<\/h3>\n<div>Should you decide to change your preferences later through your browsing session, you can click on the \"Privacy &amp; Cookie Policy\" tab on your screen. This will display the consent notice again enabling you to change your preferences or withdraw your consent entirely.\n\nIn addition to this, different browsers provide different methods to block and delete cookies used by websites. You can change the settings of your browser to block\/delete the cookies. To find out more out more on how to manage and delete cookies, visit wikipedia.org, www.allaboutcookies.org.\n\n<\/div>\n<\/div>","_et_gb_content_width":"","footnotes":""},"class_list":["post-9029","page","type-page","status-publish","hentry"],"acf":[],"_links":{"self":[{"href":"https:\/\/baloncestodominicos.es\/index.php?rest_route=\/wp\/v2\/pages\/9029","targetHints":{"allow":["GET"]}}],"collection":[{"href":"https:\/\/baloncestodominicos.es\/index.php?rest_route=\/wp\/v2\/pages"}],"about":[{"href":"https:\/\/baloncestodominicos.es\/index.php?rest_route=\/wp\/v2\/types\/page"}],"author":[{"embeddable":true,"href":"https:\/\/baloncestodominicos.es\/index.php?rest_route=\/wp\/v2\/users\/1"}],"replies":[{"embeddable":true,"href":"https:\/\/baloncestodominicos.es\/index.php?rest_route=%2Fwp%2Fv2%2Fcomments&post=9029"}],"version-history":[{"count":7,"href":"https:\/\/baloncestodominicos.es\/index.php?rest_route=\/wp\/v2\/pages\/9029\/revisions"}],"predecessor-version":[{"id":9135,"href":"https:\/\/baloncestodominicos.es\/index.php?rest_route=\/wp\/v2\/pages\/9029\/revisions\/9135"}],"wp:attachment":[{"href":"https:\/\/baloncestodominicos.es\/index.php?rest_route=%2Fwp%2Fv2%2Fmedia&parent=9029"}],"curies":[{"name":"wp","href":"https:\/\/api.w.org\/{rel}","templated":true}]}}